{"id":3188,"date":"2022-09-01T18:40:30","date_gmt":"2022-09-01T15:40:30","guid":{"rendered":"https:\/\/enalekdoseis.gr\/?post_type=product&#038;p=3188"},"modified":"2022-10-16T10:09:50","modified_gmt":"2022-10-16T07:09:50","slug":"%ce%b7-%cf%86%cf%85%ce%bb%ce%b5%cf%84%ce%b9%cf%83%cf%84%ce%b9%ce%ba%ce%ae-%ce%b5%cf%80%ce%b1%ce%bd%ce%ac%cf%83%cf%84%ce%b1%cf%83%ce%b7","status":"publish","type":"product","link":"https:\/\/enalekdoseis.gr\/\u03c0\u03c1\u03bf\u03ca\u03cc\u03bd\/%ce%b7-%cf%86%cf%85%ce%bb%ce%b5%cf%84%ce%b9%cf%83%cf%84%ce%b9%ce%ba%ce%ae-%ce%b5%cf%80%ce%b1%ce%bd%ce%ac%cf%83%cf%84%ce%b1%cf%83%ce%b7\/","title":{"rendered":"\u0397 \u03a6\u03c5\u03bb\u03b5\u03c4\u03b9\u03c3\u03c4\u03b9\u03ba\u03ae \u0395\u03c0\u03b1\u03bd\u03ac\u03c3\u03c4\u03b1\u03c3\u03b7"},"content":{"rendered":"<p><a href=\"https:\/\/enalekdoseis.gr\/wp-content\/uploads\/2021\/12\/Cote-scaled-e1639672308825.jpg\"><img loading=\"lazy\" decoding=\"async\" class=\"aligncenter wp-image-3189\" src=\"https:\/\/enalekdoseis.gr\/wp-content\/uploads\/2021\/12\/Cote-scaled-e1639672308825.jpg\" alt=\"\" width=\"541\" height=\"847\" srcset=\"https:\/\/enalekdoseis.gr\/wp-content\/uploads\/2021\/12\/Cote-scaled-e1639672308825.jpg 748w, https:\/\/enalekdoseis.gr\/wp-content\/uploads\/2021\/12\/Cote-scaled-e1639672308825-192x300.jpg 192w, https:\/\/enalekdoseis.gr\/wp-content\/uploads\/2021\/12\/Cote-scaled-e1639672308825-654x1024.jpg 654w, https:\/\/enalekdoseis.gr\/wp-content\/uploads\/2021\/12\/Cote-scaled-e1639672308825-8x12.jpg 8w, https:\/\/enalekdoseis.gr\/wp-content\/uploads\/2021\/12\/Cote-scaled-e1639672308825-197x308.jpg 197w\" sizes=\"auto, (max-width: 541px) 100vw, 541px\" \/><\/a><\/p>\n<p style=\"text-align: center;\"><strong>\u03a4\u03af\u03c4\u03bb\u03bf\u03c2: \u0397 \u03c6\u03c5\u03bb\u03b5\u03c4\u03b9\u03c3\u03c4\u03b9\u03ba\u03ae \u0395\u03c0\u03b1\u03bd\u03ac\u03c3\u03c4\u03b1\u03c3\u03b7<\/strong><\/p>\n<p style=\"text-align: center;\"><strong>&amp; \u03ac\u03bb\u03bb\u03b1 \u03b9\u03b4\u03b5\u03bf\u03bb\u03bf\u03b3\u03b9\u03ba\u03ac \u03b6\u03b9\u03b6\u03ac\u03bd\u03b9\u03b1<\/strong><\/p>\n<p style=\"text-align: center;\"><strong>\u03a3\u03c5\u03b3\u03b3\u03c1\u03b1\u03c6\u03ad\u03b1\u03c2: Mathieu Bock-C\u00f4t\u00e9<\/strong><\/p>\n<p style=\"text-align: center;\"><strong>\u039c\u03b5\u03c4\u03ac\u03c6\u03c1\u03b1\u03c3\u03b7: \u03a3\u03c4\u03c1\u03ac\u03c4\u03bf\u03c2 \u0399\u03c9\u03b1\u03bd\u03bd\u03af\u03b4\u03b7\u03c2<\/strong><\/p>\n<p style=\"text-align: center;\"><strong>\u0395\u03bd\u03b1\u03bb\u03bb\u03b1\u03ba\u03c4\u03b9\u03ba\u03ad\u03c2 \u0395\u03ba\u03b4\u03cc\u03c3\u03b5\u03b9\u03c2 2021<\/strong><\/p>\n<p style=\"text-align: center;\"><strong>\u03a3\u03b5\u03bb. 248<\/strong><\/p>\n<p style=\"text-align: center;\"><strong>ISBN: 978-960-427-230-3<\/strong><\/p>\n<p style=\"text-align: center;\"><strong>\u039b\u03af\u03b3\u03b1 \u03bb\u03cc\u03b3\u03b9\u03b1 \u03b3\u03b9\u03b1 \u03c4\u03bf \u03b2\u03b9\u03b2\u03bb\u03af\u03bf<\/strong><\/p>\n<p style=\"text-align: center;\">\u0388\u03bd\u03b1 \u03bd\u03ad\u03bf \u03ba\u03af\u03bd\u03b7\u03bc\u03b1, \u03bc\u03b9\u03b1 \u03bd\u03ad\u03b1 \u03b8\u03c1\u03b7\u03c3\u03ba\u03b5\u03c5\u03c4\u03b9\u03ba\u03ae \u03b1\u03bc\u03b5\u03c1\u03b9\u03ba\u03b1\u03bd\u03b9\u03ba\u03ae \u0391\u03c1\u03b9\u03c3\u03c4\u03b5\u03c1\u03ac, \u03b7 \u00abwoke\u00bb (\u03b1\u03c6\u03c5\u03c0\u03bd\u03b9\u03c3\u03bc\u03ad\u03bd\u03b7) \u0391\u03c1\u03b9\u03c3\u03c4\u03b5\u03c1\u03ac, \u03ad\u03c7\u03b5\u03b9 \u03b5\u03be\u03ad\u03bb\u03b8\u03b5\u03b9 \u03b1\u03c0\u03cc \u03c4\u03bf \u03c0\u03b5\u03c1\u03b9\u03b8\u03ce\u03c1\u03b9\u03bf \u03ba\u03b1\u03b9 \u03b2\u03c1\u03af\u03c3\u03ba\u03b5\u03c4\u03b1\u03b9 \u03c0\u03bb\u03ad\u03bf\u03bd \u03c3\u03c4\u03bf \u03b5\u03c0\u03af\u03ba\u03b5\u03bd\u03c4\u03c1\u03bf \u03c4\u03b7\u03c2 \u03b4\u03b7\u03bc\u03cc\u03c3\u03b9\u03b1\u03c2 \u03c3\u03c5\u03b6\u03ae\u03c4\u03b7\u03c3\u03b7\u03c2 \u03c4\u03c9\u03bd \u03b4\u03c5\u03c4\u03b9\u03ba\u03ce\u03bd \u03ba\u03bf\u03b9\u03bd\u03c9\u03bd\u03b9\u03ce\u03bd, \u03c6\u03c9\u03c4\u03b9\u03c3\u03bc\u03ad\u03bd\u03b7 \u03b1\u03c0\u03cc \u03c4\u03b7\u03bd \u0391\u03c0\u03bf\u03ba\u03ac\u03bb\u03c5\u03c8\u03b7 \u03c4\u03b7\u03c2 \u03c0\u03bf\u03b9\u03ba\u03b9\u03bb\u03bf\u03bc\u03bf\u03c1\u03c6\u03af\u03b1\u03c2 \u03ba\u03b1\u03b9 \u03c4\u03b7\u03c2 \u03b4\u03b9\u03b1\u03c6\u03bf\u03c1\u03b5\u03c4\u03b9\u03ba\u03cc\u03c4\u03b7\u03c4\u03b1\u03c2\u2026 \u03a4\u03bf \u03c3\u03cd\u03bd\u03bf\u03bb\u03bf \u03c4\u03c9\u03bd \u03b5\u03bd\u03bd\u03bf\u03b9\u03ce\u03bd \u03c3\u03c4\u03c1\u03ad\u03c6\u03b5\u03c4\u03b1\u03b9 \u03b3\u03cd\u03c1\u03c9 \u03b1\u03c0\u03cc \u03c4\u03b7\u03bd \u03ba\u03c1\u03b9\u03c4\u03b9\u03ba\u03ae \u03c4\u03bf\u03c5 \u03bb\u03b5\u03c5\u03ba\u03bf\u03cd \u03ac\u03bd\u03b4\u03c1\u03b1, \u03c4\u03bf\u03c5 \u03bc\u03b5\u03b3\u03ac\u03bb\u03bf\u03c5 \u03c3\u03b1\u03c4\u03c1\u03ac\u03c0\u03b7 \u03c4\u03b7\u03c2 \u0394\u03cd\u03c3\u03b7\u03c2 \u03c0\u03bf\u03c5 \u03b5\u03bd\u03c3\u03b1\u03c1\u03ba\u03ce\u03bd\u03b5\u03b9 \u03c4\u03bf\u03bd \u03b4\u03b9\u03ac\u03b2\u03bf\u03bb\u03bf \u03c3\u03c4\u03b7\u03bd \u03b9\u03c3\u03c4\u03bf\u03c1\u03af\u03b1, \u03cc\u03c0\u03c9\u03c2 \u03c4\u03bf \u03b4\u03b9\u03b4\u03ac\u03c3\u03ba\u03bf\u03c5\u03bd \u03bf\u03b9 \u03bc\u03b5\u03bb\u03ad\u03c4\u03b5\u03c2 \u03bb\u03b5\u03c5\u03ba\u03cc\u03c4\u03b7\u03c4\u03b1\u03c2 (whiteness studies)\u2026 \u0389\u03c1\u03b8\u03b5 \u03bb\u03bf\u03b9\u03c0\u03cc\u03bd \u03b7 \u03c3\u03b5\u03b9\u03c1\u03ac \u03c4\u03bf\u03c5 \u03bd\u03b1 \u03c0\u03b1\u03af\u03be\u03b5\u03b9 \u03c4\u03bf\u03bd \u03c0\u03c1\u03ce\u03c4\u03bf \u03c1\u03cc\u03bb\u03bf \u03c3\u03c4\u03b7 \u03bc\u03b5\u03b3\u03ac\u03bb\u03b7 \u03c0\u03b1\u03b3\u03ba\u03cc\u03c3\u03bc\u03b9\u03b1 \u03b9\u03c3\u03c4\u03bf\u03c1\u03af\u03b1 \u03c4\u03bf\u03c5 \u03b1\u03c0\u03bf\u03b4\u03b9\u03bf\u03c0\u03bf\u03bc\u03c0\u03b1\u03af\u03bf\u03c5 \u03c4\u03c1\u03ac\u03b3\u03bf\u03c5, \u03ce\u03c3\u03c4\u03b5 \u03bd\u03b1 \u03b5\u03be\u03b7\u03b3\u03b7\u03b8\u03b5\u03af \u03bf \u03c1\u03b1\u03c4\u03c3\u03b9\u03c3\u03bc\u03cc\u03c2, \u03bf \u03c3\u03b5\u03be\u03b9\u03c3\u03bc\u03cc\u03c2, \u03bf \u03c3\u03c0\u03b9\u03c3\u03b9\u03c3\u03bc\u03cc\u03c2 (\u03b5\u03b9\u03b4\u03b9\u03c3\u03bc\u03cc\u03c2), \u03bf\u03b9 \u03ba\u03bf\u03b9\u03bd\u03c9\u03bd\u03b9\u03ba\u03ad\u03c2 \u03b1\u03bd\u03b9\u03c3\u03cc\u03c4\u03b7\u03c4\u03b5\u03c2 \u03b1\u03ba\u03cc\u03bc\u03b1 \u03ba\u03b1\u03b9 \u03b7 \u03ba\u03bb\u03b9\u03bc\u03b1\u03c4\u03b9\u03ba\u03ae \u03ba\u03c1\u03af\u03c3\u03b7\u2026 \u00ab\u03bb\u03b5\u03c5\u03ba\u03bf\u03af \u03b4\u03b5\u03bd \u03b3\u03b5\u03bd\u03bd\u03b7\u03b8\u03ae\u03ba\u03b1\u03bc\u03b5, \u03b3\u03b9\u03bd\u03cc\u03bc\u03b1\u03c3\u03c4\u03b5\u00bb. \u03a1\u03b1\u03c4\u03c3\u03b9\u03c3\u03c4\u03ae\u03c2, \u03bf \u03bb\u03b5\u03c5\u03ba\u03cc\u03c2 \u03ac\u03bd\u03b8\u03c1\u03c9\u03c0\u03bf\u03c2 \u03b3\u03af\u03bd\u03b5\u03c4\u03b1\u03b9 \u03bc\u03cc\u03bd\u03bf \u03ba\u03b1\u03b9 \u03bc\u03cc\u03bd\u03bf \u03b1\u03c0\u03cc \u03c4\u03bf \u03b1\u03c0\u03bb\u03cc \u03b3\u03b5\u03b3\u03bf\u03bd\u03cc\u03c2 \u03cc\u03c4\u03b9 \u03b5\u03af\u03bd\u03b1\u03b9 \u03bb\u03b5\u03c5\u03ba\u03cc\u03c2.<br \/>\n&#8230;&#8230;&#8230;&#8230;&#8230;.<br \/>\n\u0397 \u03b8\u03b5\u03c9\u03c1\u03af\u03b1 \u03c4o\u03c5 \u03c6\u03cd\u03bb\u03bf\u03c5 \u03b4\u03b5\u03bd \u03b1\u03c1\u03ba\u03b5\u03af\u03c4\u03b1\u03b9 \u03c0\u03bb\u03ad\u03bf\u03bd \u03bd\u03b1 \u03c5\u03c0\u03bf\u03c3\u03c4\u03b7\u03c1\u03af\u03b6\u03b5\u03b9 \u03cc\u03c4\u03b9 \u03bf \u03bf\u03c1\u03b9\u03c3\u03bc\u03cc\u03c2 \u03c4\u03bf\u03c5 \u03b1\u03c1\u03c3\u03b5\u03bd\u03b9\u03ba\u03bf\u03cd \u03ba\u03b1\u03b9 \u03c4\u03bf\u03c5 \u03b8\u03b7\u03bb\u03c5\u03ba\u03bf\u03cd \u03c0\u03bf\u03b9\u03ba\u03af\u03bb\u03b5\u03b9 \u03b1\u03bd\u03ac \u03c4\u03b9\u03c2 \u03b5\u03c0\u03bf\u03c7\u03ad\u03c2, \u03b1\u03bb\u03bb\u03ac, \u03c0\u03bb\u03ad\u03bf\u03bd \u03b5\u03c0\u03b9\u03c7\u03b5\u03b9\u03c1\u03b5\u03af \u03bd\u03b1 \u03ba\u03b1\u03c4\u03b1\u03c1\u03b3\u03ae\u03c3\u03b5\u03b9 \u03b1\u03c5\u03c4\u03ae \u03c4\u03b7 \u03b4\u03b9\u03ac\u03ba\u03c1\u03b9\u03c3\u03b7: \u03c0\u03c1\u03cc\u03ba\u03b5\u03b9\u03c4\u03b1\u03b9 \u03b3\u03b9\u03b1 \u03ba\u03b1\u03b8\u03b1\u03c1\u03ac \u03ba\u03bf\u03b9\u03bd\u03c9\u03bd\u03b9\u03ba\u03ad\u03c2 \u03ba\u03b1\u03c4\u03b1\u03c3\u03ba\u03b5\u03c5\u03ad\u03c2, \u03b8\u03b5\u03bc\u03b5\u03bb\u03b9\u03c9\u03b4\u03ce\u03c2 \u03b1\u03c5\u03b8\u03b1\u03af\u03c1\u03b5\u03c4\u03b5\u03c2, \u03c0\u03bf\u03c5 \u03c0\u03c1\u03ad\u03c0\u03b5\u03b9 \u03bd\u03b1 \u03b1\u03c0\u03bf\u03b4\u03bf\u03bc\u03b7\u03b8\u03bf\u03cd\u03bd \u03ce\u03c3\u03c4\u03b5 \u03bd\u03b1 \u03c4\u03b1 \u03b1\u03c0\u03b5\u03bb\u03b5\u03c5\u03b8\u03b5\u03c1\u03ce\u03c3\u03b5\u03b9 \u03b1\u03c0\u03cc \u03b1\u03c5\u03c4\u03cc\u03bd \u03c4\u03bf\u03bd \u03ac\u03b4\u03b9\u03ba\u03bf \u03ba\u03b1\u03c4\u03b1\u03bd\u03b1\u03b3\u03ba\u03b1\u03c3\u03bc\u03cc \u03ba\u03b1\u03b9 \u03bd\u03b1 \u03c4\u03bf\u03c5\u03c2 \u03b5\u03c0\u03b9\u03c4\u03c1\u03ad\u03c8\u03b5\u03b9 \u03bd\u03b1 \u03b1\u03c5\u03c4\u03bf\u03ba\u03b1\u03b8\u03bf\u03c1\u03af\u03b6\u03bf\u03bd\u03c4\u03b1\u03b9 \u2026 \u0397 \u03b8\u03b5\u03c9\u03c1\u03af\u03b1 \u03c4\u03bf\u03c5 \u03c6\u03cd\u03bb\u03bf\u03c5 \u03b1\u03c0\u03bf\u03c4\u03b5\u03bb\u03b5\u03af \u03c4\u03bf \u03b1\u03c0\u03bf\u03ba\u03bf\u03c1\u03cd\u03c6\u03c9\u03bc\u03b1 \u03c4\u03b7\u03c2 \u03ba\u03bf\u03bd\u03c3\u03c4\u03c1\u03bf\u03c5\u03ba\u03c4\u03b9\u03b2\u03b9\u03c3\u03c4\u03b9\u03ba\u03ae\u03c2 \u03c4\u03ac\u03c3\u03b7\u03c2 \u03c0\u03bf\u03c5 \u03b5\u03bd\u03c4\u03ad\u03bb\u03bb\u03b5\u03c4\u03b1\u03b9 \u03c4\u03bf\u03bd \u03c4\u03b5\u03c7\u03bd\u03b7\u03c4\u03cc \u03c7\u03b1\u03c1\u03b1\u03ba\u03c4\u03ae\u03c1\u03b1 \u03cc\u03bb\u03c9\u03bd \u03c4\u03c9\u03bd \u03c6\u03c5\u03c3\u03b9\u03ba\u03ce\u03bd, \u03b9\u03c3\u03c4\u03bf\u03c1\u03b9\u03ba\u03ce\u03bd \u03ba\u03b1\u03b9 \u03ba\u03bf\u03b9\u03bd\u03c9\u03bd\u03b9\u03ba\u03ce\u03bd \u03bc\u03bf\u03c1\u03c6\u03ce\u03bd. \u038c\u03bb\u03b1 \u03b5\u03af\u03bd\u03b1\u03b9 \u03ba\u03bf\u03b9\u03bd\u03c9\u03bd\u03b9\u03ba\u03ae \u03ba\u03b1\u03c4\u03b1\u03c3\u03ba\u03b5\u03c5\u03ae \u03ba\u03b1\u03b9 \u03c4\u03b1 \u03c0\u03ac\u03bd\u03c4\u03b1 \u03bc\u03c0\u03bf\u03c1\u03bf\u03cd\u03bd \u03bd\u03b1 \u03b1\u03c0\u03bf\u03b4\u03bf\u03bc\u03b7\u03b8\u03bf\u03cd\u03bd. \u03a4\u03bf \u03c6\u03c5\u03c3\u03b9\u03ba\u03cc \u03b4\u03b5\u03bd \u03c5\u03c0\u03ac\u03c1\u03c7\u03b5\u03b9, \u03c4\u03bf \u03c0\u03bf\u03bb\u03b9\u03c4\u03b9\u03c3\u03bc\u03b9\u03ba\u03cc \u03b5\u03af\u03bd\u03b1\u03b9 \u03b1\u03c5\u03b8\u03b1\u03af\u03c1\u03b5\u03c4\u03bf.<br \/>\n&#8230;&#8230;&#8230;&#8230;&#8230;.<br \/>\n\u03a4 \u03bf \u03bc\u03b5\u03b3\u03ac\u03bb\u03bf \u03b4\u03c5\u03c4\u03b9\u03ba\u03cc \u03c0\u03ac\u03b8\u03bf\u03c2 \u03c3\u03ae\u03bc\u03b5\u03c1\u03b1 \u03b5\u03af\u03bd\u03b1\u03b9 \u03b7 \u03b1\u03c0\u03bf\u03c0\u03c1\u03bf\u03c3\u03c9\u03c0\u03bf\u03c0\u03bf\u03af\u03b7\u03c3\u03b7: \u03bc\u03b5 \u03c4\u03bf \u03bd\u03b1 \u03b1\u03c0\u03bf\u03c3\u03c0\u03ac\u03c4\u03b1\u03b9 \u03b1\u03c0\u03cc \u03c4\u03bf\u03bd \u03b5\u03b1\u03c5\u03c4\u03cc \u03c4\u03bf\u03c5, \u03bf \u03b4\u03c5\u03c4\u03b9\u03ba\u03cc\u03c2 \u03ac\u03bd\u03b8\u03c1\u03c9\u03c0\u03bf\u03c2 \u03c0\u03b9\u03c3\u03c4\u03b5\u03cd\u03b5\u03b9 \u03cc\u03c4\u03b9 \u03bc\u03c0\u03bf\u03c1\u03b5\u03af \u03bd\u03b1 \u03b5\u03c0\u03b9\u03c3\u03c4\u03c1\u03ad\u03c8\u03b5\u03b9 \u03c3\u03c4\u03bf\u03bd \u03c7\u03c1\u03cc\u03bd\u03bf \u03c0\u03c1\u03b9\u03bd \u03b1\u03c0\u03cc \u03c4\u03b7\u03bd \u03c0\u03c4\u03ce\u03c3\u03b7 \u03c4\u03bf\u03c5 \u03c3\u03c4\u03b7\u03bd \u0399\u03c3\u03c4\u03bf\u03c1\u03af\u03b1\u2026 \u0398\u03ad\u03bb\u03b5\u03b9 \u03bd\u03b1 \u03b1\u03c5\u03c4\u03bf\u03ba\u03b1\u03c4\u03b1\u03c1\u03b3\u03b7\u03b8\u03b5\u03af, \u03cc\u03c0\u03c9\u03c2 \u03c6\u03b1\u03bd\u03b5\u03c1\u03ce\u03bd\u03b5\u03b9 \u03b5\u03c0\u03af\u03c3\u03b7\u03c2 \u03b7 \u03b9\u03b4\u03b5\u03bf\u03bb\u03bf\u03b3\u03af\u03b1 \u03c4\u03bf\u03c5 \u03b1\u03bd\u03c4\u03b9\u03b5\u03b9\u03b4\u03b9\u03c3\u03bc\u03bf\u03cd, \u03b7 \u03bf\u03c0\u03bf\u03af\u03b1 \u03bf\u03bd\u03b5\u03b9\u03c1\u03b5\u03cd\u03b5\u03c4\u03b1\u03b9 \u03bd\u03b1 \u03c4\u03bf\u03bd \u03b5\u03ba\u03c4\u03bf\u03c0\u03af\u03c3\u03b5\u03b9 \u03b1\u03c0\u03cc \u03c4\u03b7\u03bd \u03c0\u03c1\u03bf\u03bd\u03bf\u03bc\u03b9\u03b1\u03ba\u03ae \u03c4\u03bf\u03c5 \u03b8\u03ad\u03c3\u03b7 \u03c3\u03c4\u03b7 \u03b4\u03b7\u03bc\u03b9\u03bf\u03c5\u03c1\u03b3\u03af\u03b1, \u03bb\u03b5\u03c2 \u03ba\u03b1\u03b9 \u03b4\u03b5\u03bd \u03b5\u03af\u03bd\u03b1\u03b9 \u03c4\u03af\u03c0\u03bf\u03c4\u03b1 \u03c0\u03b5\u03c1\u03b9\u03c3\u03c3\u03cc\u03c4\u03b5\u03c1\u03bf \u03b1\u03c0\u03cc \u03ad\u03bd\u03b1 \u03c3\u03ba\u03bf\u03c5\u03bb\u03ae\u03ba\u03b9 \u03ae \u03bc\u03b9\u03b1 \u03b5\u03bd\u03cc\u03c7\u03bb\u03b7\u03c3\u03b7 \u03b5\u03c0\u03af \u03c4\u03b7\u03c2 \u03b3\u03b7\u03c2. \u0397 \u03b4\u03b9\u03ac\u03bb\u03c5\u03c3\u03b7 \u03c4\u03b7\u03c2 \u03b1\u03bd\u03b8\u03c1\u03ce\u03c0\u03b9\u03bd\u03b7\u03c2 \u03b9\u03b4\u03b9\u03b1\u03b9\u03c4\u03b5\u03c1\u03cc\u03c4\u03b7\u03c4\u03b1\u03c2, \u03b1\u03bd\u03c4\u03b9\u03c0\u03c1\u03bf\u03c3\u03c9\u03c0\u03b5\u03cd\u03b5\u03b9 \u03c4\u03bf \u03c3\u03b7\u03bc\u03b5\u03af\u03bf \u03bf\u03bb\u03bf\u03ba\u03bb\u03ae\u03c1\u03c9\u03c3\u03b7\u03c2 \u03c4\u03b7\u03c2 \u03bb\u03bf\u03b3\u03b9\u03ba\u03ae\u03c2 \u03c4\u03b7\u03c2 \u03b1\u03c0\u03bf\u03b4\u03cc\u03bc\u03b7\u03c3\u03b7\u03c2. \u03a0\u03c1\u03cc\u03ba\u03b5\u03b9\u03c4\u03b1\u03b9 \u03b3\u03b9\u03b1 \u03bc\u03b9\u03b1 \u03bc\u03b5\u03c4\u03b1\u03c6\u03c5\u03c3\u03b9\u03ba\u03ae \u03ba\u03c1\u03af\u03c3\u03b7 \u03c0\u03bf\u03c5 \u03c0\u03bb\u03ae\u03c4\u03c4\u03b5\u03b9 \u03ad\u03bd\u03b1\u03bd \u03b4\u03c5\u03c4\u03b9\u03ba\u03cc \u03c0\u03bf\u03bb\u03b9\u03c4\u03b9\u03c3\u03bc\u03cc \u03c0\u03bf\u03c5 \u03b4\u03b5\u03bd \u03be\u03ad\u03c1\u03b5\u03b9 \u03c0\u03bb\u03ad\u03bf\u03bd \u03c4\u03b9 \u03c0\u03c1\u03ad\u03c0\u03b5\u03b9 \u03bd\u03b1 \u03ba\u03c1\u03b1\u03c4\u03ae\u03c3\u03b5\u03b9 \u03c9\u03c2 \u03c0\u03c1\u03b1\u03b3\u03bc\u03b1\u03c4\u03b9\u03ba\u03cc.<\/p>\n<p>\u039f <strong>Mathieu Bock-C\u00f4t\u00e9<\/strong> (\u03b3\u03b5\u03bd\u03bd. 1980), \u03b5\u03af\u03bd\u03b1\u03b9 \u039a\u03b1\u03bd\u03b1\u03b4\u03cc\u03c2 \u03ba\u03bf\u03b9\u03bd\u03c9\u03bd\u03b9\u03bf\u03bb\u03cc\u03b3\u03bf\u03c2 \u03b1\u03c0\u03cc \u03c4\u03b7 \u039b\u03c9\u03c1\u03c1\u03b1\u03af\u03bd\u03b7 \u03c4\u03bf\u03c5 \u03b3\u03b1\u03bb\u03bb\u03cc\u03c6\u03c9\u03bd\u03bf\u03c5 \u039a\u03b5\u03bc\u03c0\u03ad\u03ba. \u03a3\u03c0\u03bf\u03cd\u03b4\u03b1\u03c3\u03b5 \u03c6\u03b9\u03bb\u03bf\u03c3\u03bf\u03c6\u03af\u03b1 \u03ba\u03b1\u03b9 \u03ba\u03bf\u03b9\u03bd\u03c9\u03bd\u03b9\u03bf\u03bb\u03bf\u03b3\u03af\u03b1 \u03c3\u03c4\u03b1 \u03c0\u03b1\u03bd\u03b5\u03c0\u03b9\u03c3\u03c4\u03ae\u03bc\u03b9\u03b1 \u03c4\u03bf\u03c5 \u039c\u03cc\u03bd\u03c4\u03c1\u03b5\u03b1\u03bb \u03ba\u03b1\u03b9 \u03c4\u03bf\u03c5 \u039a\u03b5\u03bc\u03c0\u03ad\u03ba (UdeM \u03ba\u03b1\u03b9 UQAM). \u03a3\u03ae\u03bc\u03b5\u03c1\u03b1 \u03b4\u03b9\u03b4\u03ac\u03c3\u03ba\u03b5\u03b9 \u03c3\u03c4\u03bf \u03a0\u03b1\u03bd\u03b5\u03c0\u03b9\u03c3\u03c4\u03ae\u03bc\u03b9\u03bf HEC \u03c4\u03bf\u03c5 \u039c\u03cc\u03bd\u03c4\u03c1\u03b5\u03b1\u03bb, \u03b1\u03c1\u03b8\u03c1\u03bf\u03b3\u03c1\u03b1\u03c6\u03b5\u03af \u03c3\u03c4\u03b9\u03c2 \u03b5\u03c6\u03b7\u03bc\u03b5\u03c1\u03af\u03b4\u03b5\u03c2 Le Journal de Montr\u00e9al \u03ba\u03b1\u03b9 Le Figaro \u03ba\u03b1\u03b9 \u03b4\u03b9\u03b1\u03c4\u03b7\u03c1\u03b5\u03af \u03b5\u03ba\u03c0\u03bf\u03bc\u03c0\u03ae \u03c3\u03c4\u03bf \u03b3\u03b1\u03bb\u03bb\u03b9\u03ba\u03cc \u03ba\u03b1\u03bd\u03ac\u03bb\u03b9 CNews.<br \/>\n\u0388\u03c7\u03b5\u03b9 \u03b5\u03c0\u03b7\u03c1\u03b5\u03b1\u03c3\u03c4\u03b5\u03af \u03b1\u03c0\u03cc \u03c4\u03bf\u03bd \u0391\u03bb\u03ad\u03bd \u03a6\u03af\u03bd\u03ba\u03b5\u03bb\u03ba\u03c1\u03bf\u03c4 \u03ba\u03b1\u03b9 \u03c4\u03bf\u03bd \u03a1\u03b5\u03cb\u03bc\u03cc\u03bd \u0391\u03c1\u03cc\u03bd. \u0395\u03af\u03bd\u03b1\u03b9 \u03b3\u03bd\u03c9\u03c3\u03c4\u03cc\u03c2 \u03b3\u03b9\u03b1 \u03c4\u03bf\u03c5\u03c2 \u03b1\u03b3\u03ce\u03bd\u03b5\u03c2 \u03c4\u03bf\u03c5 \u03b3\u03b9\u03b1 \u03c4\u03b7\u03bd \u03b1\u03bd\u03b5\u03be\u03b1\u03c1\u03c4\u03b7\u03c3\u03af\u03b1 \u03c4\u03bf\u03c5 \u039a\u03b5\u03bc\u03c0\u03ad\u03ba, \u03b5\u03bd\u03ce \u03c3\u03c4\u03b1 \u03b3\u03c1\u03b1\u03c0\u03c4\u03ac \u03c4\u03bf\u03c5 \u03b1\u03c3\u03ba\u03b5\u03af \u03ba\u03c1\u03b9\u03c4\u03b9\u03ba\u03ae \u03c3\u03c4\u03bf\u03bd \u03b5\u03b8\u03bd\u03bf\u03bc\u03b7\u03b4\u03b5\u03bd\u03b9\u03c3\u03bc\u03cc, \u03c4\u03bf\u03bd \u03c0\u03bf\u03bb\u03c5\u03c0\u03bf\u03bb\u03b9\u03c4\u03b9\u03c3\u03bc\u03cc \u03ba\u03b1\u03b9 \u03c4\u03b7\u03bd \u00ab\u03c0\u03bf\u03bb\u03b9\u03c4\u03b9\u03ba\u03ae \u03bf\u03c1\u03b8\u03cc\u03c4\u03b7\u03c4\u03b1\u00bb.<br \/>\n\u0388\u03c7\u03b5\u03b9 \u03c3\u03c5\u03b3\u03b3\u03c1\u03ac\u03c8\u03b5\u03b9 \u03c4\u03b1 \u03b1\u03ba\u03cc\u03bb\u03bf\u03c5\u03b8\u03b1 \u03b2\u03b9\u03b2\u03bb\u03af\u03b1:<br \/>\n\u2022 La Cit\u00e9 identitaire, 2007 (\u03b5\u03c0\u03b9\u03bc\u03ad\u03bb\u03b5\u03b9\u03b1 \u03bc\u03b1\u03b6\u03af \u03bc\u03b5 \u03c4\u03bf\u03bd Jacques Beauchemin).<br \/>\n\u2022 La D\u00e9nationalisation tranquille: m\u00e9moire, identit\u00e9 et multiculturalisme dans le Qu\u00e9bec post-r\u00e9f\u00e9rendaire, 2007.<br \/>\n\u2022 Fin de cycle, 2012.<br \/>\n\u2022 Exercices politiques, 2013.<br \/>\n\u2022 Le Multiculturalisme comme religion politique, 2016.<br \/>\n\u2022 Le Nouveau R\u00e9gime: Essais Sur les Enjeux D\u00e9mocratiques Actuels, 2017.<br \/>\n\u2022 L\u2019 Empire du politiquement correct: essai sur la respectabilit\u00e9 politico-m\u00e9diatique, 2019.<br \/>\n\u2022 La R\u00e9volution racialiste: et autres virus id\u00e9ologiques, 2021.<br \/>\n\u0397 \u03a6\u03c5\u03bb\u03b5\u03c4\u03b9\u03c3\u03c4\u03b9\u03ba\u03ae \u0395\u03c0\u03b1\u03bd\u03ac\u03c3\u03c4\u03b1\u03c3\u03b7 \u03b5\u03af\u03bd\u03b1\u03b9 \u03c4\u03bf \u03c0\u03c1\u03ce\u03c4\u03bf \u03c4\u03bf\u03c5 \u03b2\u03b9\u03b2\u03bb\u03af\u03bf \u03c0\u03bf\u03c5 \u03ba\u03c5\u03ba\u03bb\u03bf\u03c6\u03bf\u03c1\u03b5\u03af \u03c3\u03c4\u03b1 \u03b5\u03bb\u03bb\u03b7\u03bd\u03b9\u03ba\u03ac.<\/p>\n","protected":false},"excerpt":{"rendered":"<p>\u03a4\u03af\u03c4\u03bb\u03bf\u03c2: \u0397 \u03c6\u03c5\u03bb\u03b5\u03c4\u03b9\u03c3\u03c4\u03b9\u03ba\u03ae \u0395\u03c0\u03b1\u03bd\u03ac\u03c3\u03c4\u03b1\u03c3\u03b7 &amp; \u03ac\u03bb\u03bb\u03b1 \u03b9\u03b4\u03b5\u03bf\u03bb\u03bf\u03b3\u03b9\u03ba\u03ac \u03b6\u03b9\u03b6\u03ac\u03bd\u03b9\u03b1 \u03a3\u03c5\u03b3\u03b3\u03c1\u03b1\u03c6\u03ad\u03b1\u03c2: Mathieu Bock-C\u00f4t\u00e9 \u039c\u03b5\u03c4\u03ac\u03c6\u03c1\u03b1\u03c3\u03b7: \u03a3\u03c4\u03c1\u03ac\u03c4\u03bf\u03c2 \u0399\u03c9\u03b1\u03bd\u03bd\u03af\u03b4\u03b7\u03c2 \u0395\u03bd\u03b1\u03bb\u03bb\u03b1\u03ba\u03c4\u03b9\u03ba\u03ad\u03c2 \u0395\u03ba\u03b4\u03cc\u03c3\u03b5\u03b9\u03c2 2021 \u03a3\u03b5\u03bb. 248 ISBN: 978-960-427-230-3 \u039b\u03af\u03b3\u03b1 \u03bb\u03cc\u03b3\u03b9\u03b1 \u03b3\u03b9\u03b1 \u03c4\u03bf \u03b2\u03b9\u03b2\u03bb\u03af\u03bf \u0388\u03bd\u03b1 \u03bd\u03ad\u03bf \u03ba\u03af\u03bd\u03b7\u03bc\u03b1, \u03bc\u03b9\u03b1 \u03bd\u03ad\u03b1 \u03b8\u03c1\u03b7\u03c3\u03ba\u03b5\u03c5\u03c4\u03b9\u03ba\u03ae \u03b1\u03bc\u03b5\u03c1\u03b9\u03ba\u03b1\u03bd\u03b9\u03ba\u03ae \u0391\u03c1\u03b9\u03c3\u03c4\u03b5\u03c1\u03ac, \u03b7 [&hellip;]<\/p>\n","protected":false},"featured_media":3189,"comment_status":"closed","ping_status":"closed","template":"","meta":{"jetpack_post_was_ever_published":false,"jetpack_publicize_message":"","jetpack_publicize_feature_enabled":true,"jetpack_social_post_already_shared":true,"jetpack_social_options":{"image_generator_settings":{"template":"highway","default_image_id":0,"font":"","enabled":false},"version":2}},"product_brand":[],"product_cat":[57],"product_tag":[],"class_list":{"0":"post-3188","1":"product","2":"type-product","3":"status-publish","4":"has-post-thumbnail","6":"product_cat-57","7":"clearfix","9":"first","10":"instock","11":"sale","12":"shipping-taxable","13":"purchasable","14":"product-type-simple"},"jetpack_publicize_connections":[],"jetpack_sharing_enabled":true,"_links":{"self":[{"href":"https:\/\/enalekdoseis.gr\/wp-json\/wp\/v2\/product\/3188","targetHints":{"allow":["GET"]}}],"collection":[{"href":"https:\/\/enalekdoseis.gr\/wp-json\/wp\/v2\/product"}],"about":[{"href":"https:\/\/enalekdoseis.gr\/wp-json\/wp\/v2\/types\/product"}],"replies":[{"embeddable":true,"href":"https:\/\/enalekdoseis.gr\/wp-json\/wp\/v2\/comments?post=3188"}],"wp:featuredmedia":[{"embeddable":true,"href":"https:\/\/enalekdoseis.gr\/wp-json\/wp\/v2\/media\/3189"}],"wp:attachment":[{"href":"https:\/\/enalekdoseis.gr\/wp-json\/wp\/v2\/media?parent=3188"}],"wp:term":[{"taxonomy":"product_brand","embeddable":true,"href":"https:\/\/enalekdoseis.gr\/wp-json\/wp\/v2\/product_brand?post=3188"},{"taxonomy":"product_cat","embeddable":true,"href":"https:\/\/enalekdoseis.gr\/wp-json\/wp\/v2\/product_cat?post=3188"},{"taxonomy":"product_tag","embeddable":true,"href":"https:\/\/enalekdoseis.gr\/wp-json\/wp\/v2\/product_tag?post=3188"}],"curies":[{"name":"wp","href":"https:\/\/api.w.org\/{rel}","templated":true}]}}